{"id":10093,"date":"2025-02-27T12:56:23","date_gmt":"2025-02-27T11:56:23","guid":{"rendered":"https:\/\/gbtcfinance.com\/skelbimai\/"},"modified":"2025-04-17T17:18:35","modified_gmt":"2025-04-17T15:18:35","slug":"skelbimai","status":"publish","type":"page","link":"https:\/\/gbtcfinance.com\/lt\/skelbimai\/","title":{"rendered":"Skelbimai"},"content":{"rendered":"\t\t<div data-elementor-type=\"wp-page\" data-elementor-id=\"10093\" class=\"elementor elementor-10093 elementor-9144\" data-elementor-post-type=\"page\">\n\t\t\t\t<div data-dce-background-color=\"#FFFFFF\" class=\"elementor-element elementor-element-8c31852 e-flex e-con-boxed e-con e-parent\" data-id=\"8c31852\" data-element_type=\"container\" data-e-type=\"container\" data-settings=\"{&quot;background_background&quot;:&quot;gradient&quot;}\">\n\t\t\t\t\t<div class=\"e-con-inner\">\n\t\t\t\t<div class=\"elementor-element elementor-element-42077855 elementor-widget elementor-widget-heading\" data-id=\"42077855\" data-element_type=\"widget\" data-e-type=\"widget\" data-widget_type=\"heading.default\">\n\t\t\t\t<div class=\"elementor-widget-container\">\n\t\t\t\t\t<h1 class=\"elementor-heading-title elementor-size-default\">Skelbimai<\/h1>\t\t\t\t<\/div>\n\t\t\t\t<\/div>\n\t\t\t\t\t<\/div>\n\t\t\t\t<\/div>\n\t\t<div class=\"elementor-element elementor-element-46ff45c0 e-flex e-con-boxed e-con e-parent\" data-id=\"46ff45c0\" data-element_type=\"container\" data-e-type=\"container\">\n\t\t\t\t\t<div class=\"e-con-inner\">\n\t\t<div class=\"elementor-element elementor-element-593d02d4 e-flex e-con-boxed e-con e-child\" data-id=\"593d02d4\" data-element_type=\"container\" data-e-type=\"container\">\n\t\t\t\t\t<div class=\"e-con-inner\">\n\t\t<a data-dce-background-hover-color=\"#F5F5F5\" class=\"elementor-element elementor-element-597039b9 e-flex e-con-boxed e-con e-child\" data-id=\"597039b9\" data-element_type=\"container\" data-e-type=\"container\">\n\t\t\t\t\t<div class=\"e-con-inner\">\n\t\t\t\t<div class=\"elementor-element elementor-element-45963d05 elementor-widget elementor-widget-heading\" data-id=\"45963d05\" data-element_type=\"widget\" data-e-type=\"widget\" data-widget_type=\"heading.default\">\n\t\t\t\t<div class=\"elementor-widget-container\">\n\t\t\t\t\t<h2 class=\"elementor-heading-title elementor-size-medium\">Nauji s\u0105ra\u0161ai<\/h2>\t\t\t\t<\/div>\n\t\t\t\t<\/div>\n\t\t\t\t<div class=\"elementor-element elementor-element-5dfb4fe elementor-widget elementor-widget-text-editor\" data-id=\"5dfb4fe\" data-element_type=\"widget\" data-e-type=\"widget\" data-widget_type=\"text-editor.default\">\n\t\t\t\t<div class=\"elementor-widget-container\">\n\t\t\t\t\t\t\t\t\t<p style=\"text-align: center;\">Patikrinkite naujausius s\u0105ra\u0161us ir valiut\u0173 poras GBTC<\/p>\t\t\t\t\t\t\t\t<\/div>\n\t\t\t\t<\/div>\n\t\t\t\t\t<\/div>\n\t\t\t\t<\/a>\n\t\t<a data-dce-background-hover-color=\"#F5F5F5\" class=\"elementor-element elementor-element-efa0305 e-flex e-con-boxed e-con e-child\" data-id=\"efa0305\" data-element_type=\"container\" data-e-type=\"container\" href=\"http:\/\/https:\/\/gbtcfinance.com\/anuncios\/comunicados-oficiales\/\">\n\t\t\t\t\t<div class=\"e-con-inner\">\n\t\t\t\t<div class=\"elementor-element elementor-element-560d32a7 elementor-widget elementor-widget-heading\" data-id=\"560d32a7\" data-element_type=\"widget\" data-e-type=\"widget\" data-widget_type=\"heading.default\">\n\t\t\t\t<div class=\"elementor-widget-container\">\n\t\t\t\t\t<h2 class=\"elementor-heading-title elementor-size-medium\">Oficial\u016bs prane\u0161imai<\/h2>\t\t\t\t<\/div>\n\t\t\t\t<\/div>\n\t\t\t\t<div class=\"elementor-element elementor-element-bdd39d1 elementor-widget elementor-widget-text-editor\" data-id=\"bdd39d1\" data-element_type=\"widget\" data-e-type=\"widget\" data-widget_type=\"text-editor.default\">\n\t\t\t\t<div class=\"elementor-widget-container\">\n\t\t\t\t\t\t\t\t\t<p style=\"text-align: center;\">Mantente al tanto de las novedades de GBTC Finance<\/p>\t\t\t\t\t\t\t\t<\/div>\n\t\t\t\t<\/div>\n\t\t\t\t\t<\/div>\n\t\t\t\t<\/a>\n\t\t<a data-dce-background-hover-color=\"#F5F5F5\" class=\"elementor-element elementor-element-3226ff97 e-flex e-con-boxed e-con e-child\" data-id=\"3226ff97\" data-element_type=\"container\" data-e-type=\"container\">\n\t\t\t\t\t<div class=\"e-con-inner\">\n\t\t\t\t<div class=\"elementor-element elementor-element-774a27dd elementor-widget elementor-widget-heading\" data-id=\"774a27dd\" data-element_type=\"widget\" data-e-type=\"widget\" data-widget_type=\"heading.default\">\n\t\t\t\t<div class=\"elementor-widget-container\">\n\t\t\t\t\t<h2 class=\"elementor-heading-title elementor-size-medium\">Partnerships<\/h2>\t\t\t\t<\/div>\n\t\t\t\t<\/div>\n\t\t\t\t<div class=\"elementor-element elementor-element-adf63af elementor-widget elementor-widget-text-editor\" data-id=\"adf63af\" data-element_type=\"widget\" data-e-type=\"widget\" data-widget_type=\"text-editor.default\">\n\t\t\t\t<div class=\"elementor-widget-container\">\n\t\t\t\t\t\t\t\t\t<p style=\"text-align: center;\">Susipa\u017einkite su m\u016bs\u0173 partneriais<\/p>\t\t\t\t\t\t\t\t<\/div>\n\t\t\t\t<\/div>\n\t\t\t\t\t<\/div>\n\t\t\t\t<\/a>\n\t\t<a data-dce-background-hover-color=\"#F5F5F5\" class=\"elementor-element elementor-element-17df8971 e-flex e-con-boxed e-con e-child\" data-id=\"17df8971\" data-element_type=\"container\" data-e-type=\"container\">\n\t\t\t\t\t<div class=\"e-con-inner\">\n\t\t\t\t<div class=\"elementor-element elementor-element-7e4a3497 elementor-widget elementor-widget-heading\" data-id=\"7e4a3497\" data-element_type=\"widget\" data-e-type=\"widget\" data-widget_type=\"heading.default\">\n\t\t\t\t<div class=\"elementor-widget-container\">\n\t\t\t\t\t<h2 class=\"elementor-heading-title elementor-size-medium\">Technin\u0117 prie\u017ei\u016bra<\/h2>\t\t\t\t<\/div>\n\t\t\t\t<\/div>\n\t\t\t\t<div class=\"elementor-element elementor-element-981fea8 elementor-widget elementor-widget-text-editor\" data-id=\"981fea8\" data-element_type=\"widget\" data-e-type=\"widget\" data-widget_type=\"text-editor.default\">\n\t\t\t\t<div class=\"elementor-widget-container\">\n\t\t\t\t\t\t\t\t\t<p style=\"text-align: center;\">Nuolat atnaujinkite platformos technin\u0117s prie\u017ei\u016bros naujienas<\/p>\t\t\t\t\t\t\t\t<\/div>\n\t\t\t\t<\/div>\n\t\t\t\t\t<\/div>\n\t\t\t\t<\/a>\n\t\t\t\t\t<\/div>\n\t\t\t\t<\/div>\n\t\t\t\t<div data-dce-title-color=\"#000000\" class=\"elementor-element elementor-element-a793a51 elementor-widget elementor-widget-heading\" data-id=\"a793a51\" data-element_type=\"widget\" data-e-type=\"widget\" data-widget_type=\"heading.default\">\n\t\t\t\t<div class=\"elementor-widget-container\">\n\t\t\t\t\t<h2 class=\"elementor-heading-title elementor-size-default\">Naujausi prane\u0161imai<\/h2>\t\t\t\t<\/div>\n\t\t\t\t<\/div>\n\t\t\t\t\t<\/div>\n\t\t\t\t<\/div>\n\t\t\t\t<\/div>\n\t\t","protected":false},"excerpt":{"rendered":"<p>Skelbimai Nauji s\u0105ra\u0161ai Patikrinkite naujausius s\u0105ra\u0161us ir valiut\u0173 poras GBTC Oficial\u016bs prane\u0161imai Mantente al tanto de las novedades de GBTC Finance Partnerships Susipa\u017einkite su m\u016bs\u0173 partneriais Technin\u0117 prie\u017ei\u016bra Nuolat atnaujinkite platformos technin\u0117s prie\u017ei\u016bros naujienas Naujausi prane\u0161imai<\/p>\n","protected":false},"author":3,"featured_media":9918,"parent":0,"menu_order":0,"comment_status":"closed","ping_status":"closed","template":"elementor_header_footer","meta":{"content-type":"","footnotes":""},"class_list":["post-10093","page","type-page","status-publish","has-post-thumbnail","hentry"],"acf":[],"_links":{"self":[{"href":"https:\/\/gbtcfinance.com\/lt\/wp-json\/wp\/v2\/pages\/10093","targetHints":{"allow":["GET"]}}],"collection":[{"href":"https:\/\/gbtcfinance.com\/lt\/wp-json\/wp\/v2\/pages"}],"about":[{"href":"https:\/\/gbtcfinance.com\/lt\/wp-json\/wp\/v2\/types\/page"}],"author":[{"embeddable":true,"href":"https:\/\/gbtcfinance.com\/lt\/wp-json\/wp\/v2\/users\/3"}],"replies":[{"embeddable":true,"href":"https:\/\/gbtcfinance.com\/lt\/wp-json\/wp\/v2\/comments?post=10093"}],"version-history":[{"count":3,"href":"https:\/\/gbtcfinance.com\/lt\/wp-json\/wp\/v2\/pages\/10093\/revisions"}],"predecessor-version":[{"id":10096,"href":"https:\/\/gbtcfinance.com\/lt\/wp-json\/wp\/v2\/pages\/10093\/revisions\/10096"}],"wp:featuredmedia":[{"embeddable":true,"href":"https:\/\/gbtcfinance.com\/lt\/wp-json\/wp\/v2\/media\/9918"}],"wp:attachment":[{"href":"https:\/\/gbtcfinance.com\/lt\/wp-json\/wp\/v2\/media?parent=10093"}],"curies":[{"name":"wp","href":"https:\/\/api.w.org\/{rel}","templated":true}]}}